{"id":483,"date":"2023-02-23T17:19:12","date_gmt":"2023-02-23T16:19:12","guid":{"rendered":"https:\/\/bicinsieme.com\/?page_id=483"},"modified":"2023-02-24T12:00:50","modified_gmt":"2023-02-24T11:00:50","slug":"483-2","status":"publish","type":"page","link":"https:\/\/bicinsieme.com\/index.php\/483-2\/","title":{"rendered":"Mobilit\u00e0 inclusiva"},"content":{"rendered":"<div class=\"entry-title\">\n<h1>Mobilit\u00e0 inclusiva<\/h1>\n<\/div>\n<div class=\"contenitore\">\n<div class=\"testosx\">\n<h2>La mobilit\u00e0 per tutti<\/h2>\n<p>Vogliamo offrire a tutti la possibilit\u00e0 di muoversi in modo leggero e sostenibile, indipendentemente dall&#8217;anagrafe o dallo stato di salute. Per questo mettiamo a disposizione di privati e centri residenziali e diurni servizi, know-how e mezzi di trasporto speciali per spostamenti rispettosi dell&#8217;ambiente e delle persone. Per contribuire a una societ\u00e0 costruita&nbsp; a misura dei suoi elementi pi\u00f9 fragili e preziosi.<\/p>\n<\/div>\n<div class=\"portafoto\"><img loading=\"lazy\" decoding=\"async\" class=\"alignnone size-full wp-image-43\" style=\"border-radius: 8px;\" src=\"http:\/\/laltropedale.it\/wp-content\/uploads\/2022\/05\/modelt.jpg\" alt=\"model T\" width=\"1600\" height=\"800\"><\/div>\n<\/div>\n<div class=\"contenitore\">\n<div class=\"portafoto\"><img decoding=\"async\" style=\"visibility: hidden; width: 100%;\" src=\"http:\/\/laltropedale.it\/wp-content\/uploads\/2022\/06\/01.jpg\" alt=\"album fotografico\"><br \/>\n<img decoding=\"async\" id=\"uno\" style=\"right: 0px;\" src=\"http:\/\/laltropedale.it\/wp-content\/uploads\/2022\/06\/01.jpg\" alt=\"immagine 1\"><br \/>\n<img decoding=\"async\" id=\"due\" style=\"right: 0px;\" src=\"http:\/\/laltropedale.it\/wp-content\/uploads\/2022\/06\/02.jpg\" alt=\"immagine 2\"><br \/>\n<img decoding=\"async\" id=\"tre\" style=\"right: 0px;\" src=\"http:\/\/laltropedale.it\/wp-content\/uploads\/2022\/06\/03.jpg\" alt=\"immagine 3\"><br \/>\n<img decoding=\"async\" id=\"quattro\" style=\"right: 0px;\" src=\"http:\/\/laltropedale.it\/wp-content\/uploads\/2022\/06\/04.jpg\" alt=\"immagine 4\"><\/div>\n<div class=\"testodx\">\n<h2>I mezzi di trasporto<\/h2>\n<p>I mezzi sono messi gentilmente a disposizione da <a class=\"custom\" title=\"Spezialcycle\" href=\"http:\/\/spezialcycle.it\" target=\"_blank\" rel=\"noopener nofollow\">Spezialcyle<\/a>, negozio bolognese da pi\u00f9 di 10 anni impegnato a promuovere la mobilit\u00e0 alternativa all&#8217;automobile. La <a class=\"custom\" title=\"Model S\" href=\"https:\/\/bicinsieme.com\/index.php\/christiania#models\">Model S<\/a> e la <a class=\"custom\" title=\"Model T\" href=\"https:\/\/bicinsieme.com\/index.php\/christiania#modelt\">Model T<\/a> di Christiania permettono di trasportare, oltre al ciclista, rispettivamente un passeggero in carrozzina e due passeggeri comodamente seduti. Chi desidera spostarsi in modo attivo pu\u00f2 provare lo <a class=\"custom\" title=\"Scorpion Plus\" href=\"https:\/\/bicinsieme.com\/index.php\/hp-velotechnik#Scorpion20\">Scorpion+<\/a> della Velotechnik, un trike pensato per persone con limitazioni di mobilit\u00e0 che hanno aspirazioni da globetrotter. Se invece preferite pedalate pi\u00f9 rilassate ci sono i trike di&nbsp; Huka: il tandem socievole <a class=\"custom\" href=\"http:\/\/bicinsieme.com\/index.php\/huka#Orthros\">Orthros<\/a> vi offrir\u00e0 moltissime chiacchierate vis-a-vis con il vostro compagno di pedalata, mentre con <a class=\"custom\" href=\"http:\/\/bicinsieme.com\/index.php\/huka#Cortes\">Cortes<\/a> potrete sperimentare il piacere di lunghissime pedalate in tutta comodit\u00e0.<\/p>\n<\/div>\n<\/div>\n<div class=\"contenitore\">\n<div class=\"testoasimmetrico1\">\n<h2>Prova la leggerezza<\/h2>\n<p>La possibilit\u00e0 di sperimentare nuovi modi di spostarsi e di viaggiare stimola la vostra curiosit\u00e0? Bicinsieme vi mette a disposizione i propri mezzi per il tempo necessario a soddisfarla.<br \/>\nAvete bisogno di un momento di addestramento per prendere confidenza con il comportamento dei nostri velocipedi? Siamo a disposizione per un corso accelerato di scuola guida amica dell&#8217;ambiente e dell&#8217;uomo.<br \/>\n<span style=\"line-height: 2rem;\"><br \/>\n<a class=\"custom\" href=\"mailto:info@bicinsieme.com\"><b>Contattaci<\/b><\/a><\/span><\/p>\n<\/div>\n<div class=\"testoasimmetrico2\">\n<h2>Mappatura rete stradale<\/h2>\n<p><img decoding=\"async\" style=\"float: right; margin: 0 0 0 10px; border-radius: 8px;\" src=\"http:\/\/laltropedale.it\/wp-content\/uploads\/2022\/06\/Vicenza-e1654260307607.jpg\">La mobilit\u00e0 per tutti non \u00e8 fatta solo di telai, ruote e pedali ma anche di percorsi adeguati. Perci\u00f2 mappiamo l&#8217;accessibilit\u00e0 della rete stradale a questi mezzi, classificando i percorsi in base alla loro compatibilit\u00e0.<br \/>\nProgettiamo di mettere a punto un&#8217;offerta di turismo lento rivolta ai portatori di particolari bisogni di mobilit\u00e0.<br \/>\nLa mappatura contempla anche la segnalazione di punti o tratte difficili per questi mezzi. Speriamo che questo possa servire anche per migliorare l&#8217;accessibilit\u00e0 della rete stradale e ciclabile a persone con difficolt\u00e0 motorie. Si tratta di un cantiere in progressivo aggiornamento.<span style=\"line-height: 3rem;\"><br \/>\nVai all&#8217;<a class=\"custom\" href=\" https:\/\/bicinsieme.com\/index.php\/mappe-per-pedalate-inclusive\/ \"><b>archivio della ciclabilit\u00e0 per tutti<\/b><\/a>.<\/span><\/p>\n<\/div>\n<\/div>\n","protected":false},"excerpt":{"rendered":"<p>Mobilit\u00e0 inclusiva La mobilit\u00e0 per tutti Vogliamo offrire a tutti la possibilit\u00e0 di muoversi in modo leggero e sostenibile, indipendentemente dall&#8217;anagrafe o<\/p>\n<p class=\"link-more\"><a class=\"myButt \" href=\"https:\/\/bicinsieme.com\/index.php\/483-2\/\">Read More<\/a><\/p>\n","protected":false},"author":1,"featured_media":0,"parent":0,"menu_order":0,"comment_status":"closed","ping_status":"closed","template":"","meta":{"om_disable_all_campaigns":false,"_monsterinsights_skip_tracking":false,"_monsterinsights_sitenote_active":false,"_monsterinsights_sitenote_note":"","_monsterinsights_sitenote_category":0,"_uf_show_specific_survey":0,"_uf_disable_surveys":false,"footnotes":""},"class_list":["post-483","page","type-page","status-publish","hentry"],"aioseo_notices":[],"_links":{"self":[{"href":"https:\/\/bicinsieme.com\/index.php\/wp-json\/wp\/v2\/pages\/483","targetHints":{"allow":["GET"]}}],"collection":[{"href":"https:\/\/bicinsieme.com\/index.php\/wp-json\/wp\/v2\/pages"}],"about":[{"href":"https:\/\/bicinsieme.com\/index.php\/wp-json\/wp\/v2\/types\/page"}],"author":[{"embeddable":true,"href":"https:\/\/bicinsieme.com\/index.php\/wp-json\/wp\/v2\/users\/1"}],"replies":[{"embeddable":true,"href":"https:\/\/bicinsieme.com\/index.php\/wp-json\/wp\/v2\/comments?post=483"}],"version-history":[{"count":10,"href":"https:\/\/bicinsieme.com\/index.php\/wp-json\/wp\/v2\/pages\/483\/revisions"}],"predecessor-version":[{"id":588,"href":"https:\/\/bicinsieme.com\/index.php\/wp-json\/wp\/v2\/pages\/483\/revisions\/588"}],"wp:attachment":[{"href":"https:\/\/bicinsieme.com\/index.php\/wp-json\/wp\/v2\/media?parent=483"}],"curies":[{"name":"wp","href":"https:\/\/api.w.org\/{rel}","templated":true}]}}