{"id":835,"date":"2025-02-20T19:36:53","date_gmt":"2025-02-20T18:36:53","guid":{"rendered":"https:\/\/bicinsieme.com\/?page_id=835"},"modified":"2025-02-21T06:11:38","modified_gmt":"2025-02-21T05:11:38","slug":"orthros-il-tandem-socievole-sondaggio","status":"publish","type":"page","link":"https:\/\/bicinsieme.com\/index.php\/orthros-il-tandem-socievole-sondaggio\/","title":{"rendered":"Orthros, il tandem socievole &#8211; sondaggio"},"content":{"rendered":"\n<h2 class=\"wp-block-heading\">Orthros, il tandem socievole &#8211; sondaggio<\/h2>\n\n\n\n<div class=\"contenitore1\"><div class=\"testosx\">\n\n\n\n<p><a href=\"https:\/\/bicinsieme.com\/index.php\/huka\/#Orthros\" target=\"_blank\" rel=\"noopener\" title=\"Visualizza la scheda completa\" class=\"custom\">Orthros<\/a> \u00e8 il trike socievole per eccellenza. Il telaio progettato e costruito in Olanda \u00e8 caratterizzato dalla posizione affiancata di pilota e passeggero e garantisce contatto oculare, pettegolezzo e pedalate.<\/p>\n\n\n\n<p>L&#8217;accessibilit\u00e0 \u00e8 garantita dall&#8217;altezza della seduta girevole di serie sul lato passeggero. La pedalata del passeggero pu\u00f2 essere regolata &#8220;a vuoto&#8221;, oppure pu\u00f2 essere del tutto uguale a quella di una normale bicicletta, o ancora pu\u00f2 essere obbligata a seguire la cadenza del pilota grazie a una manopola di regolazione della trasmissione della pedalata. Per i pi\u00f9 pigri \u00e8 prevista una pedana ribaltabile collocata sotto al sedile passeggero. La sicurezza offerta dalla seduta molto contenitiva \u00e8 ulteriormente migliorata dall&#8217;utilizzo di braccioli e cintura di sicurezza a 4 punti.<\/p>\n\n\n<table>\n<caption>Scheda Tecnica<\/caption>\n<tbody>\n<tr>\n<td>Lunghezza mm<\/td>\n<td>1980<\/td>\n<\/tr>\n<tr>\n<td>Larghezza alle ruote \/ al manubrio mm<\/td>\n<td>1040 \/ 1140<\/td>\n<\/tr>\n<tr>\n<td>Peso kg<\/td>\n<td>78<\/td>\n<\/tr>\n<tr>\n<td>Altezza minima seduta mm<\/td>\n<td>660<\/td>\n<\/tr>\n<tr>\n<td>Carico max totale kg<\/td>\n<td>240<\/td>\n<\/tr>\n<tr>\n<td>Peso max pilota \/ passeggero kg<\/td>\n<td>120 \/ 120<\/td>\n<\/tr>\n<tr>\n<td>Misura ruota anteriore &#8220;<\/td>\n<td>24 x 2.15<\/td>\n<\/tr>\n<tr>\n<td>Misura ruote posteriori &#8220;<\/td>\n<td>20 x 2.15<\/td>\n<\/tr>\n<tr>\n<td>Cambio<\/td>\n<td>Shimano 8v al mozzo<\/td>\n<\/tr>\n<tr>\n<td>Freno anteriore<\/td>\n<td>V-brake<\/td>\n<\/tr>\n<tr>\n<td>Freni posteriori<\/td>\n<td>Idraulici a disco con freno di parcheggio<\/td>\n<\/tr>\n<tr>\n<td>Pedalata assistita<\/td>\n<td>Motore anteriore con batteria 36V 14.25Ah<\/td>\n<\/tr>\n<tr>\n<td>Telaio<\/td>\n<td>Acciaio trattato anticorrosione<\/td>\n<\/tr>\n<\/tbody>\n<\/table>\n\n\n<\/div><div class=\"testodx\">\n\n\n\n<a href=\"https:\/\/bicinsieme.com\/wp-content\/uploads\/2023\/02\/Duofiets-Orthros-3-e1676006504784.jpg\"><img decoding=\"async\" src=\"https:\/\/bicinsieme.com\/wp-content\/uploads\/2023\/02\/Orthros-3-960x600-1.jpg\" \/><\/a>\n\n\n<div class=\"align crowdsignal-poll-wrapper\" data-crowdsignal-poll=\"{&quot;pollId&quot;:&quot;31270a31-c46b-4566-a1be-35d19e11336c&quot;,&quot;question&quot;:&quot;Quanto saresti disposto a pagare per il noleggio di questo mezzo?&quot;,&quot;answers&quot;:[{&quot;text&quot;:&quot;Neanche un centesimo, non ne vedo l&#039;utilit\\u00e0.&quot;,&quot;answerId&quot;:&quot;39886895-0e8f-4389-bafe-88b86f6d51b4&quot;},{&quot;text&quot;:&quot;5 \\u20ac\\\/h, che mezzo curioso.&quot;,&quot;answerId&quot;:&quot;6b42eea2-7ddf-4a40-89aa-b361e2c4afdd&quot;},{&quot;text&quot;:&quot;8 \\u20ac\\\/h come tutte le ebike.&quot;,&quot;answerId&quot;:&quot;7bcfac6c-388c-4617-a715-d2fedbcad7f1&quot;},{&quot;text&quot;:&quot;15 \\u20ac\\\/h, porta due persone ed \\u00e8 garanzia di lunghe e piacevoli chiacchierate in relax e comodit\\u00e0.&quot;,&quot;answerId&quot;:&quot;f97c156e-82bf-45e7-bd97-9047365dbc7f&quot;},{&quot;text&quot;:&quot;20 \\u20ac\\\/h, consente alla persona con disabilit\\u00e0 di contribuire all&#039;avanzamento del mezzo.&quot;,&quot;answerId&quot;:&quot;9d2b7976-7599-4c05-9db8-ecf7e969e0a0&quot;},{&quot;text&quot;:&quot;25 \\u20ac\\\/h, rende la mobilit\\u00e0 sostenibile accessibile alle persone con disabilit\\u00e0.&quot;,&quot;answerId&quot;:&quot;23863cdb-bf1e-4755-8455-9dc92b1db410&quot;},{&quot;text&quot;:&quot;30 \\u20ac\\\/h, \\u00e8 fantastico!&quot;,&quot;answerId&quot;:&quot;afd4905d-e7de-4915-a3ef-83294008c250&quot;}],&quot;className&quot;:&quot;is-style-buttons&quot;,&quot;isMultipleChoice&quot;:false,&quot;note&quot;:&quot;&quot;,&quot;submitButtonLabel&quot;:&quot;Submit&quot;,&quot;confirmMessageType&quot;:&quot;results&quot;,&quot;borderWidth&quot;:2,&quot;borderRadius&quot;:0,&quot;hasBoxShadow&quot;:false,&quot;hasOneResponsePerComputer&quot;:false,&quot;randomizeAnswers&quot;:false,&quot;width&quot;:100,&quot;pollStatus&quot;:&quot;open&quot;,&quot;closedPollState&quot;:&quot;show-results&quot;,&quot;hideBranding&quot;:true,&quot;buttonAlignment&quot;:&quot;list&quot;,&quot;apiPollData&quot;:{&quot;id&quot;:15088271,&quot;question&quot;:&quot;Quanto saresti disposto a pagare per il noleggio di questo mezzo?&quot;,&quot;note&quot;:&quot;&quot;,&quot;settings&quot;:{&quot;title&quot;:&quot;Quanto saresti disposto a pagare per il noleggio di questo mezzo?&quot;,&quot;after_vote&quot;:&quot;results&quot;,&quot;after_message&quot;:&quot;&quot;,&quot;randomize_answers&quot;:false,&quot;restrict_vote_repeat&quot;:false,&quot;captcha&quot;:false,&quot;multiple_choice&quot;:false,&quot;redirect_url&quot;:&quot;&quot;,&quot;close_status&quot;:&quot;open&quot;,&quot;close_after&quot;:false},&quot;answers&quot;:[{&quot;answer_text&quot;:&quot;Neanche un centesimo, non ne vedo l&#039;utilit\\u00e0.&quot;,&quot;id&quot;:66833933,&quot;client_id&quot;:&quot;39886895-0e8f-4389-bafe-88b86f6d51b4&quot;},{&quot;answer_text&quot;:&quot;5 \\u20ac\\\/h, che mezzo curioso.&quot;,&quot;id&quot;:66833934,&quot;client_id&quot;:&quot;6b42eea2-7ddf-4a40-89aa-b361e2c4afdd&quot;},{&quot;answer_text&quot;:&quot;8 \\u20ac\\\/h come tutte le ebike.&quot;,&quot;id&quot;:66833935,&quot;client_id&quot;:&quot;7bcfac6c-388c-4617-a715-d2fedbcad7f1&quot;},{&quot;answer_text&quot;:&quot;15 \\u20ac\\\/h, porta due persone ed \\u00e8 garanzia di lunghe e piacevoli chiacchierate in relax e comodit\\u00e0.&quot;,&quot;id&quot;:66833936,&quot;client_id&quot;:&quot;f97c156e-82bf-45e7-bd97-9047365dbc7f&quot;},{&quot;answer_text&quot;:&quot;20 \\u20ac\\\/h, consente alla persona con disabilit\\u00e0 di contribuire all&#039;avanzamento del mezzo.&quot;,&quot;id&quot;:66833937,&quot;client_id&quot;:&quot;9d2b7976-7599-4c05-9db8-ecf7e969e0a0&quot;},{&quot;answer_text&quot;:&quot;25 \\u20ac\\\/h, rende la mobilit\\u00e0 sostenibile accessibile alle persone con disabilit\\u00e0.&quot;,&quot;id&quot;:66833938,&quot;client_id&quot;:&quot;23863cdb-bf1e-4755-8455-9dc92b1db410&quot;},{&quot;answer_text&quot;:&quot;30 \\u20ac\\\/h, \\u00e8 fantastico!&quot;,&quot;id&quot;:66833939,&quot;client_id&quot;:&quot;afd4905d-e7de-4915-a3ef-83294008c250&quot;}],&quot;source_link&quot;:&quot;https:\\\/\\\/bicinsieme.com&quot;,&quot;client_id&quot;:&quot;31270a31-c46b-4566-a1be-35d19e11336c&quot;}}\"><\/div>\n\n\n<a href=\"https:\/\/bicinsieme.com\/wp-content\/uploads\/2023\/02\/orhtros-wit-zijkant-fotoshoot-mei-2018-1-1.jpg\"><img decoding=\"async\" src=\"https:\/\/bicinsieme.com\/wp-content\/uploads\/2023\/02\/orthros_lato960.png\" \/><\/a>\n","protected":false},"excerpt":{"rendered":"<p>Orthros, il tandem socievole &#8211; sondaggio Orthros \u00e8 il trike socievole per eccellenza. Il telaio progettato e costruito in Olanda \u00e8 caratterizzato<\/p>\n<p class=\"link-more\"><a class=\"myButt \" href=\"https:\/\/bicinsieme.com\/index.php\/orthros-il-tandem-socievole-sondaggio\/\">Read More<\/a><\/p>\n","protected":false},"author":1,"featured_media":0,"parent":0,"menu_order":0,"comment_status":"closed","ping_status":"closed","template":"","meta":{"om_disable_all_campaigns":false,"_monsterinsights_skip_tracking":false,"_monsterinsights_sitenote_active":false,"_monsterinsights_sitenote_note":"","_monsterinsights_sitenote_category":0,"_uf_show_specific_survey":0,"_uf_disable_surveys":false,"footnotes":""},"class_list":["post-835","page","type-page","status-publish","hentry"],"aioseo_notices":[],"_links":{"self":[{"href":"https:\/\/bicinsieme.com\/index.php\/wp-json\/wp\/v2\/pages\/835","targetHints":{"allow":["GET"]}}],"collection":[{"href":"https:\/\/bicinsieme.com\/index.php\/wp-json\/wp\/v2\/pages"}],"about":[{"href":"https:\/\/bicinsieme.com\/index.php\/wp-json\/wp\/v2\/types\/page"}],"author":[{"embeddable":true,"href":"https:\/\/bicinsieme.com\/index.php\/wp-json\/wp\/v2\/users\/1"}],"replies":[{"embeddable":true,"href":"https:\/\/bicinsieme.com\/index.php\/wp-json\/wp\/v2\/comments?post=835"}],"version-history":[{"count":6,"href":"https:\/\/bicinsieme.com\/index.php\/wp-json\/wp\/v2\/pages\/835\/revisions"}],"predecessor-version":[{"id":873,"href":"https:\/\/bicinsieme.com\/index.php\/wp-json\/wp\/v2\/pages\/835\/revisions\/873"}],"wp:attachment":[{"href":"https:\/\/bicinsieme.com\/index.php\/wp-json\/wp\/v2\/media?parent=835"}],"curies":[{"name":"wp","href":"https:\/\/api.w.org\/{rel}","templated":true}]}}